{"id":1130,"date":"2025-09-18T22:02:15","date_gmt":"2025-09-18T20:02:15","guid":{"rendered":"https:\/\/adeomedia.eu\/?page_id=1130"},"modified":"2026-01-14T09:41:50","modified_gmt":"2026-01-14T08:41:50","slug":"nasza-historia","status":"publish","type":"page","link":"https:\/\/lemigo.pl\/wp\/nasza-historia\/","title":{"rendered":"NASZA HISTORIA"},"content":{"rendered":"\t\t<div data-elementor-type=\"wp-page\" data-elementor-id=\"1130\" class=\"elementor elementor-1130\" data-elementor-post-type=\"page\">\n\t\t\t\t<div class=\"elementor-element elementor-element-8f2b908 e-con-full e-flex e-con e-parent\" data-id=\"8f2b908\" data-element_type=\"container\" data-e-type=\"container\">\n\t\t\t\t<div class=\"elementor-element elementor-element-2ba74f9 elementor-widget elementor-widget-image\" data-id=\"2ba74f9\" data-element_type=\"widget\" data-e-type=\"widget\" data-widget_type=\"image.default\">\n\t\t\t\t\t\t\t\t\t\t\t\t\t\t\t<img fetchpriority=\"high\" decoding=\"async\" width=\"800\" height=\"333\" src=\"https:\/\/lemigo.pl\/wp\/wp-content\/uploads\/2026\/01\/naszhistoria-1024x426.jpg\" class=\"attachment-large size-large wp-image-4494\" alt=\"\" srcset=\"https:\/\/lemigo.pl\/wp\/wp-content\/uploads\/2026\/01\/naszhistoria-1024x426.jpg 1024w, https:\/\/lemigo.pl\/wp\/wp-content\/uploads\/2026\/01\/naszhistoria-300x125.jpg 300w, https:\/\/lemigo.pl\/wp\/wp-content\/uploads\/2026\/01\/naszhistoria-768x320.jpg 768w, https:\/\/lemigo.pl\/wp\/wp-content\/uploads\/2026\/01\/naszhistoria-1536x639.jpg 1536w, https:\/\/lemigo.pl\/wp\/wp-content\/uploads\/2026\/01\/naszhistoria-600x250.jpg 600w, https:\/\/lemigo.pl\/wp\/wp-content\/uploads\/2026\/01\/naszhistoria.jpg 1600w\" sizes=\"(max-width: 800px) 100vw, 800px\" \/>\t\t\t\t\t\t\t\t\t\t\t\t\t\t\t<\/div>\n\t\t\t\t<\/div>\n\t\t<div class=\"elementor-element elementor-element-012461c e-con-full e-flex e-con e-parent\" data-id=\"012461c\" data-element_type=\"container\" data-e-type=\"container\" data-settings=\"{&quot;background_background&quot;:&quot;classic&quot;}\">\n\t\t\t\t<div class=\"elementor-element elementor-element-ce32e0a elementor-widget elementor-widget-zigzag\" data-id=\"ce32e0a\" data-element_type=\"widget\" data-e-type=\"widget\" data-settings=\"{&quot;image_shape&quot;:&quot;sharp&quot;}\" data-widget_type=\"zigzag.default\">\n\t\t\t\t<div class=\"elementor-widget-container\">\n\t\t\t\t\t\t\t<div class=\"ehp-zigzag has-direction-start\">\n\t\t\t\t\t\t\t<div class=\"ehp-zigzag__item-wrapper\">\n\t\t\t\t\t<div class=\"ehp-zigzag__item-container\">\n\t\t\t\t\t\t\t\t<div class=\"ehp-zigzag__graphic-element-container has-image\">\n\t\t\t\t\t\t<div class=\"ehp-image ehp-zigzag__image-container\">\n\t\t\t\t<img decoding=\"async\" class=\"ehp-image__img ehp-zigzag__img has-shape-sharp shape-type-image\" src=\"https:\/\/lemigo.pl\/wp\/wp-content\/uploads\/2025\/09\/Screenshot-2025-09-18-at-22.23.56.png\" title=\"Screenshot 2025-09-18 at 22.23.56\" alt=\"Screenshot 2025-09-18 at 22.23.56\" loading=\"lazy\" \/>\t\t\t<\/div>\n\t\t\t\t\t<\/div>\n\t\t\t\t<div class=\"ehp-zigzag__text-container is-graphic-image\">\n\t\t\t<h2 class=\"ehp-zigzag__title\">LMG jest firm\u0105 rodzinn\u0105 specjalizuj\u0105c\u0105 si\u0119 w produkcji obuwia.<\/h2><p class=\"ehp-zigzag__description\">Specjalizujemy si\u0119 w produkcji obuwia tekstylnego, kaloszy, \u015bniegowc\u00f3w, klapek, a tak\u017ce profesjonalnego obuwia my\u015bliwskiego i w\u0119dkarskiego oraz specjalistycznego obuwia ochronnego i roboczego.\n\nDzi\u0119ki pasji tworzenia nowych wzor\u00f3w i sukcesywnemu wdra\u017caniu nowych technologii jeste\u015bmy w stanie sprosta\u0107 potrzebom nawet najbardziej wymagaj\u0105cych klient\u00f3w na ca\u0142ym \u015bwiecie.\n\n32-letnia historia firmy, badania, do\u015bwiadczenie, praktyka i wiedza pozwoli\u0142y stworzy\u0107 obuwie wyr\u00f3\u017cniaj\u0105ce si\u0119 z po\u015br\u00f3d innych na rynku.<\/p>\t\t<\/div>\n\t\t\t\t\t\t\t<\/div>\n\t\t\t\t<\/div>\n\t\t\t\t\t\t\t\t<div class=\"ehp-zigzag__item-wrapper\">\n\t\t\t\t\t<div class=\"ehp-zigzag__item-container\">\n\t\t\t\t\t\t\t\t<div class=\"ehp-zigzag__graphic-element-container has-image\">\n\t\t\t\t\t\t<div class=\"ehp-image ehp-zigzag__image-container ehp-image ehp-zigzag__image-container\">\n\t\t\t\t<img decoding=\"async\" class=\"ehp-image__img ehp-zigzag__img has-shape-sharp shape-type-image\" src=\"https:\/\/lemigo.pl\/wp\/wp-content\/uploads\/2025\/09\/Screenshot-2025-09-18-at-22.25.13.png\" title=\"Screenshot 2025-09-18 at 22.25.13\" alt=\"Screenshot 2025-09-18 at 22.25.13\" loading=\"lazy\" \/>\t\t\t<\/div>\n\t\t\t\t\t<\/div>\n\t\t\t\t<div class=\"ehp-zigzag__text-container is-graphic-image\">\n\t\t\t<h2 class=\"ehp-zigzag__title\">Wysoka jako\u015b\u0107 oferowanych produkt\u00f3w dopasowanych do potrzeb klient\u00f3w sprawia, \u017ce obecnie znajdujemy si\u0119 w\u015br\u00f3d przoduj\u0105cych producent\u00f3w w Europie.<\/h2><p class=\"ehp-zigzag__description\">Dynamiczny rozw\u00f3j firmy jest r\u00f3wnie\u017c wynikiem dostosowania oferty do najnowszych trend\u00f3w mody na ca\u0142ym \u015bwiecie.\n\nProdukty wyprodukowane przez nas s\u0105 perfekcyjnie wyko\u0144czone z dba\u0142o\u015bci\u0105 o ka\u017cdy,nawet najdrobniejszy szczeg\u00f3\u0142.<\/p>\t\t<\/div>\n\t\t\t\t\t\t\t<\/div>\n\t\t\t\t<\/div>\n\t\t\t\t\t\t\t<\/div>\n\t\t\t\t\t\t<\/div>\n\t\t\t\t<\/div>\n\t\t\t\t<\/div>\n\t\t<div class=\"elementor-element elementor-element-ae9c094 e-flex e-con-boxed e-con e-parent\" data-id=\"ae9c094\" data-element_type=\"container\" data-e-type=\"container\" data-settings=\"{&quot;background_background&quot;:&quot;classic&quot;}\">\n\t\t\t\t\t<div class=\"e-con-inner\">\n\t\t\t\t<div class=\"elementor-element elementor-element-700dac5 elementor-widget__width-initial elementor-widget elementor-widget-heading\" data-id=\"700dac5\" data-element_type=\"widget\" data-e-type=\"widget\" data-widget_type=\"heading.default\">\n\t\t\t\t\t<h3 class=\"elementor-heading-title elementor-size-default\">NASZA HISTORIA<\/h3>\t\t\t\t<\/div>\n\t\t\t\t<div class=\"elementor-element elementor-element-8e77e69 elementor-widget elementor-widget-timeline-widget-addon\" data-id=\"8e77e69\" data-element_type=\"widget\" data-e-type=\"widget\" data-widget_type=\"timeline-widget-addon.default\">\n\t\t\t\t<div class=\"elementor-widget-container\">\n\t\t\t\t\t<!-- ========= Timeline Widget Addon For Elementor 1.6.23 ========= -->\n<div id=\"twae-wrapper-8e77e69\" class=\"twae-vertical twae-wrapper  twae-both-sided\">   \n    <div class=\"twae-start\"><\/div>    \n    <div id=\"twea-timeline-8e77e69\" class=\"twae-timeline\" ><!-- Start of Story Repeater Content --><div id=\"story-9aa47f9\" class=\"twae-story twae-repeater-item twae-story-right twae-story-no-icon\"><!-- Story Label --><div class=\"twae-labels\"><div class=\"twae-label-big\">2020<\/div><\/div><!-- Story Icon --><div class=\"twae-icon\"><i aria-hidden=\"true\" class=\"far fa-clock\"><\/i><\/div><!-- Story Arrow --><div class=\"twae-arrow\"><\/div><!-- Start of Story Content --><div class=\"twae-content\"><!-- Story Title --><div class=\"twae-title\">Instalacja zautomatyzowanej linii produkcji obuwia<\/div><!-- Story Description --><div class=\"twae-description\"><div class=\"content\"><p>Specjalnie zaprojektowana linia produkcji obuwia, dedykowana do uzyskania perfekcji i najlepszej jako\u015bci produkt\u00f3w.<\/p><\/div><\/div><\/div><\/div><!-- Start of Story Repeater Content --><div id=\"story-6955616\" class=\"twae-story twae-repeater-item twae-story-left twae-story-no-icon\"><!-- Story Label --><div class=\"twae-labels\"><div class=\"twae-label-big\">2018<\/div><\/div><!-- Story Icon --><div class=\"twae-icon\"><i aria-hidden=\"true\" class=\"far fa-clock\"><\/i><\/div><!-- Story Arrow --><div class=\"twae-arrow\"><\/div><!-- Start of Story Content --><div class=\"twae-content\"><!-- Story Title --><div class=\"twae-title\">Rozszerzenie parku maszynowego<\/div><!-- Story Description --><div class=\"twae-description\"><p>Instalacja kolejnych 3 wtryskarek do produkcji obuwia z tworzywa EVA oraz PCV<\/p><\/div><\/div><\/div><!-- Start of Story Repeater Content --><div id=\"story-38fd740\" class=\"twae-story twae-repeater-item twae-story-right twae-story-no-icon\"><!-- Story Label --><div class=\"twae-labels\"><div class=\"twae-label-big\">2015<\/div><\/div><!-- Story Icon --><div class=\"twae-icon\"><i aria-hidden=\"true\" class=\"far fa-clock\"><\/i><\/div><!-- Story Arrow --><div class=\"twae-arrow\"><\/div><!-- Start of Story Content --><div class=\"twae-content\"><!-- Story Title --><div class=\"twae-title\">Uruchomienie zautomatyzowanego magazynu<\/div><!-- Story Description --><div class=\"twae-description\"><div class=\"content\"><p>Uruchomili\u015bmy zautomatyzowany magazyn o powierzchni 3.000 m\u00b2 przy ul. Wary\u0144skiego 32-36 w Grudzi\u0105dzu.<\/p><\/div><\/div><\/div><\/div><!-- Start of Story Repeater Content --><div id=\"story-94af5a7\" class=\"twae-story twae-repeater-item twae-story-left twae-story-no-icon\"><!-- Story Label --><div class=\"twae-labels\"><div class=\"twae-label-big\">2013<\/div><\/div><!-- Story Icon --><div class=\"twae-icon\"><i aria-hidden=\"true\" class=\"far fa-clock\"><\/i><\/div><!-- Story Arrow --><div class=\"twae-arrow\"><\/div><!-- Start of Story Content --><div class=\"twae-content\"><!-- Story Title --><div class=\"twae-title\">Rozszerzenie produkcji o technologi\u0119 PU czyli poliuretanu<\/div><!-- Story Description --><div class=\"twae-description\"><div class=\"content\"><p>Jako jedna z pierwszych firm na \u015bwiecie zacz\u0119li\u015bmy produkowa\u0107 buty z poliuretanu, kt\u00f3re s\u0105 o 40% l\u017cejsze od kalosza PCV. Technologia ta umo\u017cliwi\u0142a nam wytwarzanie obuwia z certyfikatem bezpiecze\u0144stwa dla poszczeg\u00f3lnych bran\u017c.<\/p><\/div><\/div><\/div><\/div><!-- Start of Story Repeater Content --><div id=\"story-51d3919\" class=\"twae-story twae-repeater-item twae-story-right twae-story-no-icon\"><!-- Story Label --><div class=\"twae-labels\"><div class=\"twae-label-big\">2003<\/div><\/div><!-- Story Icon --><div class=\"twae-icon\"><i aria-hidden=\"true\" class=\"far fa-clock\"><\/i><\/div><!-- Story Arrow --><div class=\"twae-arrow\"><\/div><!-- Start of Story Content --><div class=\"twae-content\"><!-- Story Title --><div class=\"twae-title\">Sprowadzenie do Polski pierwszej na \u015bwiecie maszyny wytwarzaj\u0105c\u0105 obuwie w nowej technologii EVA<\/div><!-- Story Description --><div class=\"twae-description\"><div class=\"content\"><p>Uruchomili\u015bmy produkcj\u0119 kaloszy z tworzywa EVA, kt\u00f3re cechuje du\u017ca odporno\u015b\u0107 na niskie temperatury oraz bardzo ma\u0142a waga.<\/p><\/div><\/div><\/div><\/div><!-- Start of Story Repeater Content --><div id=\"story-0a27e1e\" class=\"twae-story twae-repeater-item twae-story-left twae-story-no-icon\"><!-- Story Label --><div class=\"twae-labels\"><div class=\"twae-label-big\">2001<\/div><\/div><!-- Story Icon --><div class=\"twae-icon\"><i aria-hidden=\"true\" class=\"far fa-clock\"><\/i><\/div><!-- Story Arrow --><div class=\"twae-arrow\"><\/div><!-- Start of Story Content --><div class=\"twae-content\"><!-- Story Title --><div class=\"twae-title\">Zakup II wtryskarki<\/div><!-- Story Description --><div class=\"twae-description\"><div class=\"content\"><p>Zwi\u0119kszyli\u015bmy wydajno\u015b\u0107 produkcji dzi\u0119ki stworzeniu 14 nowych stanowisk do produkcji kaloszy.<\/p><\/div><\/div><\/div><\/div><!-- Start of Story Repeater Content --><div id=\"story-a2709a9\" class=\"twae-story twae-repeater-item twae-story-right twae-story-no-icon\"><!-- Story Label --><div class=\"twae-labels\"><div class=\"twae-label-big\">1997<\/div><\/div><!-- Story Icon --><div class=\"twae-icon\"><i aria-hidden=\"true\" class=\"far fa-clock\"><\/i><\/div><!-- Story Arrow --><div class=\"twae-arrow\"><\/div><!-- Start of Story Content --><div class=\"twae-content\"><!-- Story Title --><div class=\"twae-title\">Zakup wtryskarki<\/div><!-- Story Description --><div class=\"twae-description\"><div class=\"content\"><p>Rozpocz\u0119li\u015bmy produkcj\u0119 pierwszych kaloszy PCV.<\/p><\/div><\/div><\/div><\/div><!-- Start of Story Repeater Content --><div id=\"story-9e8f861\" class=\"twae-story twae-repeater-item twae-story-left twae-story-no-icon\"><!-- Story Label --><div class=\"twae-labels\"><div class=\"twae-label-big\">1990<\/div><\/div><!-- Story Icon --><div class=\"twae-icon\"><i aria-hidden=\"true\" class=\"far fa-clock\"><\/i><\/div><!-- Story Arrow --><div class=\"twae-arrow\"><\/div><!-- Start of Story Content --><div class=\"twae-content\"><!-- Story Title --><div class=\"twae-title\">Za\u0142o\u017cenie firmy<\/div><!-- Story Description --><div class=\"twae-description\"><div class=\"historia pages\"><div class=\"container\"><div class=\"row\"><div class=\"col-sm-12\"><div class=\"content\"><p>Rozpcz\u0119li\u015bmy dzia\u0142alno\u015b\u0107 od produkcji obuwia tekstylnego.<\/p><\/div><\/div><\/div><\/div><\/div><\/div><\/div><\/div><\/div>\n    <div class=\"twae-end\"><\/div>\n    <\/div>\t\t\t\t<\/div>\n\t\t\t\t<\/div>\n\t\t\t\t\t<\/div>\n\t\t\t\t<\/div>\n\t\t<div class=\"elementor-element elementor-element-198ae14 e-flex e-con-boxed e-con e-parent\" data-id=\"198ae14\" data-element_type=\"container\" data-e-type=\"container\" data-settings=\"{&quot;background_background&quot;:&quot;classic&quot;}\">\n\t\t\t\t\t<div class=\"e-con-inner\">\n\t\t\t\t<div class=\"elementor-element elementor-element-0cb84da elementor-widget elementor-widget-spacer\" data-id=\"0cb84da\" data-element_type=\"widget\" data-e-type=\"widget\" data-widget_type=\"spacer.default\">\n\t\t\t\t\t\t\t<div class=\"elementor-spacer\">\n\t\t\t<div class=\"elementor-spacer-inner\"><\/div>\n\t\t<\/div>\n\t\t\t\t\t\t<\/div>\n\t\t\t\t<div class=\"elementor-element elementor-element-d566b4c elementor-widget elementor-widget-heading\" data-id=\"d566b4c\" data-element_type=\"widget\" data-e-type=\"widget\" data-widget_type=\"heading.default\">\n\t\t\t\t\t<h2 class=\"elementor-heading-title elementor-size-default\">NASZE MARKI<\/h2>\t\t\t\t<\/div>\n\t\t\t\t<div class=\"elementor-element elementor-element-e025acc elementor-widget elementor-widget-spacer\" data-id=\"e025acc\" data-element_type=\"widget\" data-e-type=\"widget\" data-widget_type=\"spacer.default\">\n\t\t\t\t\t\t\t<div class=\"elementor-spacer\">\n\t\t\t<div class=\"elementor-spacer-inner\"><\/div>\n\t\t<\/div>\n\t\t\t\t\t\t<\/div>\n\t\t<div class=\"elementor-element elementor-element-49b08de e-flex e-con-boxed e-con e-child\" data-id=\"49b08de\" data-element_type=\"container\" data-e-type=\"container\">\n\t\t\t\t\t<div class=\"e-con-inner\">\n\t\t\t\t<div class=\"elementor-element elementor-element-ce678c3 elementor-widget elementor-widget-image\" data-id=\"ce678c3\" data-element_type=\"widget\" data-e-type=\"widget\" data-widget_type=\"image.default\">\n\t\t\t\t\t\t\t\t\t\t\t\t\t\t\t<img decoding=\"async\" width=\"1600\" height=\"183\" src=\"https:\/\/lemigo.pl\/wp\/wp-content\/uploads\/2025\/12\/WhatsApp-Image-2025-12-15-at-21.27.34.jpeg\" class=\"attachment-2048x2048 size-2048x2048 wp-image-3974\" alt=\"\" srcset=\"https:\/\/lemigo.pl\/wp\/wp-content\/uploads\/2025\/12\/WhatsApp-Image-2025-12-15-at-21.27.34.jpeg 1600w, https:\/\/lemigo.pl\/wp\/wp-content\/uploads\/2025\/12\/WhatsApp-Image-2025-12-15-at-21.27.34-300x34.jpeg 300w, https:\/\/lemigo.pl\/wp\/wp-content\/uploads\/2025\/12\/WhatsApp-Image-2025-12-15-at-21.27.34-1024x117.jpeg 1024w, https:\/\/lemigo.pl\/wp\/wp-content\/uploads\/2025\/12\/WhatsApp-Image-2025-12-15-at-21.27.34-768x88.jpeg 768w, https:\/\/lemigo.pl\/wp\/wp-content\/uploads\/2025\/12\/WhatsApp-Image-2025-12-15-at-21.27.34-1536x176.jpeg 1536w, https:\/\/lemigo.pl\/wp\/wp-content\/uploads\/2025\/12\/WhatsApp-Image-2025-12-15-at-21.27.34-600x69.jpeg 600w\" sizes=\"(max-width: 1600px) 100vw, 1600px\" \/>\t\t\t\t\t\t\t\t\t\t\t\t\t\t\t<\/div>\n\t\t\t\t\t<\/div>\n\t\t\t\t<\/div>\n\t\t\t\t<div class=\"elementor-element elementor-element-e2267fd elementor-widget elementor-widget-spacer\" data-id=\"e2267fd\" data-element_type=\"widget\" data-e-type=\"widget\" data-widget_type=\"spacer.default\">\n\t\t\t\t\t\t\t<div class=\"elementor-spacer\">\n\t\t\t<div class=\"elementor-spacer-inner\"><\/div>\n\t\t<\/div>\n\t\t\t\t\t\t<\/div>\n\t\t\t\t\t<\/div>\n\t\t\t\t<\/div>\n\t\t\t\t<\/div>\n\t\t","protected":false},"excerpt":{"rendered":"<p>LMG jest firm\u0105 rodzinn\u0105 specjalizuj\u0105c\u0105 si\u0119 w produkcji obuwia. Specjalizujemy si\u0119 w produkcji obuwia tekstylnego, kaloszy, \u015bniegowc\u00f3w, klapek, a tak\u017ce profesjonalnego obuwia my\u015bliwskiego i w\u0119dkarskiego oraz specjalistycznego obuwia ochronnego i roboczego. Dzi\u0119ki pasji tworzenia nowych wzor\u00f3w i sukcesywnemu wdra\u017caniu nowych technologii jeste\u015bmy w stanie sprosta\u0107 potrzebom nawet najbardziej wymagaj\u0105cych klient\u00f3w na ca\u0142ym \u015bwiecie. 32-letnia historia [&hellip;]<\/p>\n","protected":false},"author":1,"featured_media":0,"parent":0,"menu_order":0,"comment_status":"closed","ping_status":"closed","template":"","meta":{"footnotes":""},"class_list":["post-1130","page","type-page","status-publish","hentry"],"_links":{"self":[{"href":"https:\/\/lemigo.pl\/wp\/wp-json\/wp\/v2\/pages\/1130","targetHints":{"allow":["GET"]}}],"collection":[{"href":"https:\/\/lemigo.pl\/wp\/wp-json\/wp\/v2\/pages"}],"about":[{"href":"https:\/\/lemigo.pl\/wp\/wp-json\/wp\/v2\/types\/page"}],"author":[{"embeddable":true,"href":"https:\/\/lemigo.pl\/wp\/wp-json\/wp\/v2\/users\/1"}],"replies":[{"embeddable":true,"href":"https:\/\/lemigo.pl\/wp\/wp-json\/wp\/v2\/comments?post=1130"}],"version-history":[{"count":90,"href":"https:\/\/lemigo.pl\/wp\/wp-json\/wp\/v2\/pages\/1130\/revisions"}],"predecessor-version":[{"id":4525,"href":"https:\/\/lemigo.pl\/wp\/wp-json\/wp\/v2\/pages\/1130\/revisions\/4525"}],"wp:attachment":[{"href":"https:\/\/lemigo.pl\/wp\/wp-json\/wp\/v2\/media?parent=1130"}],"curies":[{"name":"wp","href":"https:\/\/api.w.org\/{rel}","templated":true}]}}