{"id":2292,"date":"2025-11-02T21:38:50","date_gmt":"2025-11-02T20:38:50","guid":{"rendered":"https:\/\/lemigo.pl\/wp\/?post_type=product&#038;p=2292"},"modified":"2025-11-02T21:38:57","modified_gmt":"2025-11-02T20:38:57","slug":"kalosze-meskie-wader-2","status":"publish","type":"product","link":"https:\/\/lemigo.pl\/wp\/produkt\/kalosze-meskie-wader-2\/","title":{"rendered":"Kalosze m\u0119skie Wader"},"content":{"rendered":"<p class=\"p1\"><img decoding=\"async\" src=\"https:\/\/skleplemigo.pl\/userdata\/public\/assets\/\/eva.jpg\" alt=\"\" width=\"134\" height=\"59\" \/><img decoding=\"async\" src=\"https:\/\/skleplemigo.pl\/userdata\/public\/assets\/\/aluminium.png\" alt=\"\" width=\"100\" height=\"74\" \/><\/p>\n<table class=\"dlwkladki\" style=\"width: 562px;\">\n<tbody>\n<tr style=\"height: 23px;\">\n<td style=\"width: 335px; height: 23px;\"><strong>rozmiar<\/strong><\/td>\n<td style=\"width: 235px; text-align: center; height: 23px;\">41<\/td>\n<td style=\"width: 93px; text-align: center; height: 23px;\">42<\/td>\n<td style=\"width: 211px; text-align: center; height: 23px;\">43<\/td>\n<td style=\"width: 171px; text-align: center; height: 23px;\">44<\/td>\n<td style=\"width: 117px; text-align: center; height: 23px;\">45<\/td>\n<td style=\"width: 102px; text-align: center; height: 23px;\">46<\/td>\n<td style=\"width: 106px; text-align: center; height: 23px;\">47<\/td>\n<td style=\"width: 152px; text-align: center; height: 23px;\">48<\/td>\n<\/tr>\n<tr style=\"border: 1px solid #efefef; height: 46.25px;\">\n<td style=\"width: 335px; height: 46.25px;\"><strong>d\u0142ugo\u015b\u0107 wk\u0142adki (cm)<\/strong><\/td>\n<td style=\"width: 235px; text-align: center; height: 46.25px;\">27<\/td>\n<td style=\"width: 93px; text-align: center; height: 46.25px;\">28,1<\/td>\n<td style=\"width: 211px; text-align: center; height: 46.25px;\">28,8<\/td>\n<td style=\"width: 171px; text-align: center; height: 46.25px;\">29,0<\/td>\n<td style=\"width: 117px; text-align: center; height: 46.25px;\">29,4<\/td>\n<td style=\"width: 102px; text-align: center; height: 46.25px;\">30,6<\/td>\n<td style=\"width: 106px; text-align: center; height: 46.25px;\">31,3<\/td>\n<td style=\"width: 152px; text-align: center; height: 46.25px;\">31,7<\/td>\n<\/tr>\n<\/tbody>\n<\/table>\n<p><strong>W\u0142a\u015bnie znalaz\u0142e\u015b idealne kalosze m\u0119skie<br \/><\/strong><\/p>\n<h3>Kalosze Lemigo Wader 893 \u2013 Innowacja i Komfort przez Ca\u0142y Rok<\/h3>\n<p><strong>Opis produktu:<\/strong><\/p>\n<p>Kalosze Lemigo Wader 893 to idealne rozwi\u0105zanie dla os\u00f3b poszukuj\u0105cych obuwia, kt\u00f3re \u0142\u0105czy w sobie lekko\u015b\u0107, doskona\u0142\u0105 izolacj\u0119 i nowoczesny design. Dzi\u0119ki zastosowaniu zaawansowanych technologii i wysokiej jako\u015bci materia\u0142\u00f3w, kalosze te oferuj\u0105 wyj\u0105tkowy komfort i wszechstronno\u015b\u0107, sprawdzaj\u0105c si\u0119 w r\u00f3\u017cnych warunkach pogodowych przez ca\u0142y rok.<\/p>\n<p>Kalosz posiada jeden ocieplacz w komplecie .<\/p>\n<ul>\n<li><strong>Materia\u0142 EVA:<\/strong> Kalosze s\u0105 wykonane w 100% z najwy\u017cszej jako\u015bci materia\u0142u EVA, kt\u00f3ry jest o wiele l\u017cejszy od tradycyjnego gumowego czy PCV obuwia. Dzi\u0119ki temu, Lemigo Wader 893 s\u0105 niezwykle komfortowe i wygodne nawet podczas d\u0142ugotrwa\u0142ego noszenia.<\/li>\n<li><strong>Izolacja termiczna:<\/strong> Zaawansowana konstrukcja materia\u0142u z p\u0119cherzykami powietrza zapewnia wysoki stopie\u0144 izolacji termicznej, co chroni stopy przed zimnem i zapewnia komfort termiczny w r\u00f3\u017cnych warunkach atmosferycznych.<\/li>\n<li><strong>Wodoszczelno\u015b\u0107:<\/strong> Kalosze s\u0105 wodoszczelne, co skutecznie chroni stopy przed wilgoci\u0105. Dodatkowo, s\u0105 \u0142atwe w utrzymaniu czysto\u015bci, co czyni je praktycznym wyborem na co dzie\u0144.<\/li>\n<li><strong>Ergonomiczne dopasowanie:<\/strong> Ergonomiczna konstrukcja kaloszy zapewnia doskona\u0142e dopasowanie do stopy, co przek\u0142ada si\u0119 na wygod\u0119 i komfort u\u017cytkowania. Obuwie zachowuje elastyczno\u015b\u0107 nawet w niskich temperaturach, co zwi\u0119ksza komfort noszenia.<\/li>\n<li><strong>Ca\u0142oroczne u\u017cytkowanie:<\/strong> Dzi\u0119ki wymiennemu ocieplaczowi wykonanemu z filcu oraz sztruksowemu ko\u0142nierzowi, kalosze Lemigo Wader 893 mo\u017cna u\u017cytkowa\u0107 przez ca\u0142y rok. Wymienny ocieplacz pozwala na dostosowanie obuwia do zmieniaj\u0105cych si\u0119 warunk\u00f3w pogodowych.<\/li>\n<\/ul>\n<p><strong>Lemigo Wader 893<\/strong> to doskona\u0142y wyb\u00f3r dla os\u00f3b, kt\u00f3re potrzebuj\u0105 funkcjonalnego, wygodnego i nowoczesnego obuwia na ka\u017cd\u0105 por\u0119 roku. Wybierz Lemigo Wader 893 i ciesz si\u0119 komfortem oraz ochron\u0105, kt\u00f3re spe\u0142niaj\u0105 najwy\u017csze standardy jako\u015bci i innowacyjno\u015bci.<\/p>\n","protected":false},"excerpt":{"rendered":"<p>Kalosze dost\u0119pne w rozmiarze: 41-48<\/p>\n","protected":false},"featured_media":2318,"comment_status":"open","ping_status":"closed","template":"","meta":[],"product_brand":[],"product_cat":[34],"product_tag":[],"class_list":{"0":"post-2292","1":"product","2":"type-product","3":"status-publish","4":"has-post-thumbnail","6":"product_cat-kalosze-ocieplane-obuwie-meskie","8":"first","9":"instock","10":"shipping-taxable","11":"product-type-simple"},"_links":{"self":[{"href":"https:\/\/lemigo.pl\/wp\/wp-json\/wp\/v2\/product\/2292","targetHints":{"allow":["GET"]}}],"collection":[{"href":"https:\/\/lemigo.pl\/wp\/wp-json\/wp\/v2\/product"}],"about":[{"href":"https:\/\/lemigo.pl\/wp\/wp-json\/wp\/v2\/types\/product"}],"replies":[{"embeddable":true,"href":"https:\/\/lemigo.pl\/wp\/wp-json\/wp\/v2\/comments?post=2292"}],"wp:featuredmedia":[{"embeddable":true,"href":"https:\/\/lemigo.pl\/wp\/wp-json\/wp\/v2\/media\/2318"}],"wp:attachment":[{"href":"https:\/\/lemigo.pl\/wp\/wp-json\/wp\/v2\/media?parent=2292"}],"wp:term":[{"taxonomy":"product_brand","embeddable":true,"href":"https:\/\/lemigo.pl\/wp\/wp-json\/wp\/v2\/product_brand?post=2292"},{"taxonomy":"product_cat","embeddable":true,"href":"https:\/\/lemigo.pl\/wp\/wp-json\/wp\/v2\/product_cat?post=2292"},{"taxonomy":"product_tag","embeddable":true,"href":"https:\/\/lemigo.pl\/wp\/wp-json\/wp\/v2\/product_tag?post=2292"}],"curies":[{"name":"wp","href":"https:\/\/api.w.org\/{rel}","templated":true}]}}