{"id":2321,"date":"2025-11-02T21:38:58","date_gmt":"2025-11-02T20:38:58","guid":{"rendered":"https:\/\/lemigo.pl\/wp\/?product=kalosze-meskie-vermont"},"modified":"2025-11-02T21:38:58","modified_gmt":"2025-11-02T20:38:58","slug":"kalosze-meskie-vermont","status":"publish","type":"product","link":"https:\/\/lemigo.pl\/wp\/produkt\/kalosze-meskie-vermont\/","title":{"rendered":"Kalosze m\u0119skie Vermont"},"content":{"rendered":"<p class=\"p1\">\u00a0\u00a0<img decoding=\"async\" src=\"\/userdata\/public\/assets\/\/eva.jpg\" alt=\"\" width=\"100\" height=\"44\" \/><\/p>\n<div style=\"overflow-x: scroll; max-width: 100%; -webkit-overflow-scrolling: touch;\">\n<table style=\"width: 100%; border-collapse: collapse; text-align: center;\">\n<thead>\n<tr style=\"border-bottom-width: 1px; border-bottom-style: solid; border-bottom-color: #dddddd; height: 16px;\">\n<th style=\"padding: 8px; border: 1px solid #dddddd; height: 16px;\">Rozmiar<\/th>\n<th style=\"padding: 8px; border: 1px solid #dddddd; height: 16px;\">41<\/th>\n<th style=\"padding: 8px; border: 1px solid #dddddd; height: 16px;\">42<\/th>\n<th style=\"padding: 8px; border: 1px solid #dddddd; height: 16px;\">43<\/th>\n<th style=\"padding: 8px; border: 1px solid #dddddd; height: 16px;\">44<\/th>\n<th style=\"padding: 8px; border: 1px solid #dddddd; height: 16px;\">45<\/th>\n<th style=\"padding: 8px; border: 1px solid #dddddd; height: 16px;\">46<\/th>\n<th style=\"padding: 8px; border: 1px solid #dddddd; height: 16px;\">47<\/th>\n<th style=\"padding: 8px; border: 1px solid #dddddd; height: 16px;\">48<\/th>\n<\/tr>\n<\/thead>\n<tbody>\n<tr style=\"height: 36.944839px;\">\n<td style=\"padding: 8px; border: 1px solid #dddddd; height: 36.944839px;\">D\u0142. wk\u0142adki (cm)<\/td>\n<td style=\"padding: 8px; border: 1px solid #dddddd; height: 36.944839px;\">26<\/td>\n<td style=\"padding: 8px; border: 1px solid #dddddd; height: 36.944839px;\">26,5<\/td>\n<td style=\"padding: 8px; border: 1px solid #dddddd; height: 36.944839px;\">27<\/td>\n<td style=\"padding: 8px; border: 1px solid #dddddd; height: 36.944839px;\">28<\/td>\n<td style=\"padding: 8px; border: 1px solid #dddddd; height: 36.944839px;\">28,5<\/td>\n<td style=\"padding: 8px; border: 1px solid #dddddd; height: 36.944839px;\">29<\/td>\n<td style=\"padding: 8px; border: 1px solid #dddddd; height: 36.944839px;\">29,5<\/td>\n<td style=\"padding: 8px; border: 1px solid #dddddd; height: 36.944839px;\">31<\/td>\n<\/tr>\n<\/tbody>\n<\/table><\/div>\n<p>wykonane w 100% z najwy\u017cszej jako\u015bci materia\u0142u EVA<br \/> &#8211; para wa\u017cy oko\u0142o 1000 g. s\u0105 o wiele l\u017cejsze ni\u017c obuwie z gumy lub PCV<br \/> &#8211; wysoki stopie\u0144 izolacji termicznej dzi\u0119ki obecno\u015bci p\u0119cherzyk\u00f3w powietrza w materiale<br \/> &#8211; wodoszczelne, \u0142atwe w utrzymaniu czysto\u015bci<br \/> &#8211; zapewniaj\u0105 optymaln\u0105 swobod\u0119 ruchu, wygodne i komfortowe<br \/> &#8211; zachowuj\u0105 elastyczno\u015b\u0107 nawet w temperaturze -70 C<br \/> &#8211; kalosze posiadaj\u0105 wymienny ocieplacz wykonany z materia\u0142u tr\u00f3jwarstowego (folia aluminiowa + filc 9mm + w\u0142\u00f3knina)<br \/> &#8211; ocieplacz z zapi\u0119tkiem sk\u00f3ropodobnym<br \/> &#8211; ko\u0142nierz poliester z haftem, <br \/> &#8211; guma \u015bci\u0105gaj\u0105ca ze stoperem<\/p>\n","protected":false},"excerpt":{"rendered":"<p>\u00a0\u00a0 Rozmiar 41 42 43 44 45 46 47 48 D\u0142. wk\u0142adki (cm) 26 26,5 27 28 28,5 29 29,5 31 wykonane w 100% z najwy\u017cszej jako\u015bci materia\u0142u EVA &#8211; para wa\u017cy oko\u0142o 1000 g. s\u0105 o wiele l\u017cejsze ni\u017c obuwie z gumy lub PCV &#8211; wysoki stopie\u0144 izolacji termicznej dzi\u0119ki obecno\u015bci p\u0119cherzyk\u00f3w powietrza w [&hellip;]<\/p>\n","protected":false},"featured_media":2320,"comment_status":"open","ping_status":"closed","template":"","meta":[],"product_brand":[],"product_cat":[34],"product_tag":[],"class_list":{"0":"post-2321","1":"product","2":"type-product","3":"status-publish","4":"has-post-thumbnail","6":"product_cat-kalosze-ocieplane-obuwie-meskie","8":"first","9":"instock","10":"shipping-taxable","11":"product-type-simple"},"_links":{"self":[{"href":"https:\/\/lemigo.pl\/wp\/wp-json\/wp\/v2\/product\/2321","targetHints":{"allow":["GET"]}}],"collection":[{"href":"https:\/\/lemigo.pl\/wp\/wp-json\/wp\/v2\/product"}],"about":[{"href":"https:\/\/lemigo.pl\/wp\/wp-json\/wp\/v2\/types\/product"}],"replies":[{"embeddable":true,"href":"https:\/\/lemigo.pl\/wp\/wp-json\/wp\/v2\/comments?post=2321"}],"wp:featuredmedia":[{"embeddable":true,"href":"https:\/\/lemigo.pl\/wp\/wp-json\/wp\/v2\/media\/2320"}],"wp:attachment":[{"href":"https:\/\/lemigo.pl\/wp\/wp-json\/wp\/v2\/media?parent=2321"}],"wp:term":[{"taxonomy":"product_brand","embeddable":true,"href":"https:\/\/lemigo.pl\/wp\/wp-json\/wp\/v2\/product_brand?post=2321"},{"taxonomy":"product_cat","embeddable":true,"href":"https:\/\/lemigo.pl\/wp\/wp-json\/wp\/v2\/product_cat?post=2321"},{"taxonomy":"product_tag","embeddable":true,"href":"https:\/\/lemigo.pl\/wp\/wp-json\/wp\/v2\/product_tag?post=2321"}],"curies":[{"name":"wp","href":"https:\/\/api.w.org\/{rel}","templated":true}]}}