{"id":2349,"date":"2025-11-02T21:39:04","date_gmt":"2025-11-02T20:39:04","guid":{"rendered":"https:\/\/lemigo.pl\/wp\/?product=kalosze-dzieciece-termix"},"modified":"2025-11-02T21:39:04","modified_gmt":"2025-11-02T20:39:04","slug":"kalosze-dzieciece-termix","status":"publish","type":"product","link":"https:\/\/lemigo.pl\/wp\/produkt\/kalosze-dzieciece-termix\/","title":{"rendered":"KALOSZE DZIECI\u0118CE TERMIX"},"content":{"rendered":"<p class=\"p1\">\u00a0<\/p>\n<p class=\"p1\">\u00a0<img decoding=\"async\" src=\"\/userdata\/public\/assets\/\/Zrzut%20ekranu%202025-03-14%20o%2006.21.21.png\" alt=\"\" width=\"127\" height=\"66\" \/>\u00a0\u00a0<img decoding=\"async\" src=\"https:\/\/skleplemigo.pl\/userdata\/public\/assets\/\/eva.jpg\" alt=\"\" width=\"147\" height=\"64\" \/><\/p>\n<div style=\"overflow-x: scroll; max-width: 100%; -webkit-overflow-scrolling: touch;\">\n<table style=\"width: 1205px; border-collapse: collapse; text-align: center; height: 103px;\">\n<thead>\n<tr style=\"border-bottom-width: 1px; border-bottom-style: solid; border-bottom-color: #dddddd; height: 48.333344px;\">\n<th style=\"padding: 8px; border: 1px solid #dddddd; width: 223.4375px; height: 48.333344px;\">rozmiar<\/th>\n<th style=\"padding: 8px; border: 1px solid #dddddd; width: 103.041664px; height: 48.333344px;\">22\/23<\/th>\n<th style=\"padding: 8px; border: 1px solid #dddddd; width: 103.041664px; height: 48.333344px;\">24\/25<\/th>\n<th style=\"padding: 8px; border: 1px solid #dddddd; width: 103.041664px; height: 48.333344px;\">26\/27<\/th>\n<th style=\"padding: 8px; border: 1px solid #dddddd; width: 103.041664px; height: 48.333344px;\">28\/29<\/th>\n<th style=\"padding: 8px; border: 1px solid #dddddd; width: 103.041664px; height: 48.333344px;\">30\/31<\/th>\n<th style=\"padding: 8px; border: 1px solid #dddddd; width: 103.041664px; height: 48.333344px;\">23\/33<\/th>\n<th style=\"padding: 8px; border: 1px solid #dddddd; width: 103.041664px; height: 48.333344px;\">34\/35<\/th>\n<th style=\"padding: 8px; border: 1px solid #dddddd; width: 103.041664px; height: 48.333344px;\">36\/37<\/th>\n<\/tr>\n<\/thead>\n<tbody>\n<tr style=\"height: 51px;\">\n<td style=\"padding: 8px; border: 1px solid #dddddd; width: 223.4375px; height: 51px;\">d\u0142. wk\u0142adki (cm)<\/td>\n<td style=\"padding: 8px; border: 1px solid #dddddd; width: 103.041664px; height: 51px;\">16<\/td>\n<td style=\"padding: 8px; border: 1px solid #dddddd; width: 103.041664px; height: 51px;\">16,6<\/td>\n<td style=\"padding: 8px; border: 1px solid #dddddd; width: 103.041664px; height: 51px;\">17<\/td>\n<td style=\"padding: 8px; border: 1px solid #dddddd; width: 103.041664px; height: 51px;\">17,5<\/td>\n<td style=\"padding: 8px; border: 1px solid #dddddd; width: 103.041664px; height: 51px;\">18<\/td>\n<td style=\"padding: 8px; border: 1px solid #dddddd; width: 103.041664px; height: 51px;\">18,4<\/td>\n<td style=\"padding: 8px; border: 1px solid #dddddd; width: 103.041664px; height: 51px;\">18,9<\/td>\n<td style=\"padding: 8px; border: 1px solid #dddddd; width: 103.041664px; height: 51px;\">19,4<\/td>\n<\/tr>\n<\/tbody>\n<\/table><\/div>\n<p><span style=\"font-size: 10pt;\"><strong>Kalosze\u00a0marki Lemigo\u00a0to\u00a0wysokiej jako\u015bci Polski Produkt.<\/strong><\/span><\/p>\n<div class=\"innerbox\">\n<div class=\"resetcss\" itemprop=\"description\">\n<div class=\"innerbox\">\n<div class=\"resetcss\" itemprop=\"description\">\n<p><span style=\"font-size: 10pt;\"><strong>Szczeg\u00f3\u0142y produktu:<\/strong><\/span><\/p>\n<div class=\"w-full text-token-text-primary\" dir=\"auto\" data-testid=\"conversation-turn-5\" data-scroll-anchor=\"false\">\n<div class=\"text-base py-[18px] px-3 md:px-4 m-auto md:px-5 lg:px-1 xl:px-5\">\n<div class=\"mx-auto flex flex-1 gap-4 text-base md:gap-5 lg:gap-6 md:max-w-3xl lg:max-w-[40rem] xl:max-w-[48rem]\">\n<div class=\"group\/conversation-turn relative flex w-full min-w-0 flex-col agent-turn\">\n<div class=\"flex-col gap-1 md:gap-3\">\n<div class=\"flex flex-grow flex-col max-w-full\">\n<div class=\"min-h-[20px] text-message flex w-full flex-col items-end gap-2 whitespace-pre-wrap break-words [.text-message+&amp;]:mt-5 overflow-x-auto\" dir=\"auto\" data-message-author-role=\"assistant\" data-message-id=\"21bae5b9-c40a-4154-9f2d-c9d97a865cc9\">\n<div class=\"flex w-full flex-col gap-1 empty:hidden first:pt-[3px]\">\n<div class=\"markdown prose w-full break-words dark:prose-invert light\">\n<ul style=\"list-style-type: disc;\">\n<li><span style=\"font-size: 10pt;\"><strong>Materia\u0142\u00a0&#8211; <\/strong>obuwie<strong>\u00a0<\/strong>wykonane z lekkiego, wytrzyma\u0142ego i wysokogatunkowego tworzywa\u00a0EVA, 100% wodoodporne, a przy tym \u0142atwe w utrzymaniu czysto\u015bci.<\/span><\/li>\n<li><span style=\"font-size: 10pt;\"><strong>Izolacja termiczna &#8211;<\/strong>\u00a0kalosze Lemigo zapewniaj\u0105 dobr\u0105 izolacj\u0119 termiczn\u0105, dzi\u0119ki czemu stopy ca\u0142y czas s\u0105 suche i odczuwaj\u0105 przyjemne ciep\u0142o.<\/span><\/li>\n<li><span style=\"font-size: 10pt;\"><strong>Wk\u0142ad ocieplaj\u0105cy &#8211;<\/strong>\u00a0model posiada wyjmowany sztruksowy ocieplacz, kt\u00f3ry mo\u017cna pra\u0107, 100% poliester.<\/span><\/li>\n<li><span style=\"font-size: 10pt;\"><strong>Podeszwa &#8211; <\/strong>urze\u017abiona,\u00a0podeszwa antypo\u015blizgowa, elastyczna, odporna na \u015bcieranie zapewnia bezpiecze\u0144stwo na mokrej nawierzchni.<\/span><\/li>\n<li><span style=\"font-size: 10pt;\"><strong>Produkt jest bezpieczny &#8211;<\/strong>\u00a0zgodnie z wymaganiami rozporz\u0105dzenia GPSR.<\/span><\/li>\n<\/ul><\/div>\n<\/p><\/div>\n<\/p><\/div>\n<\/p><\/div>\n<\/p><\/div>\n<\/p><\/div>\n<\/p><\/div>\n<\/p><\/div>\n<\/p><\/div>\n<div class=\"w-full text-token-text-primary\" dir=\"auto\" data-testid=\"conversation-turn-5\" data-scroll-anchor=\"false\">\n<div class=\"text-base py-[18px] px-3 md:px-4 m-auto md:px-5 lg:px-1 xl:px-5\">\n<div class=\"mx-auto flex flex-1 gap-4 text-base md:gap-5 lg:gap-6 md:max-w-3xl lg:max-w-[40rem] xl:max-w-[48rem]\">\n<div class=\"group\/conversation-turn relative flex w-full min-w-0 flex-col agent-turn\">\n<div class=\"flex-col gap-1 md:gap-3\">\n<div class=\"flex flex-grow flex-col max-w-full\">\n<div class=\"min-h-[20px] text-message flex w-full flex-col items-end gap-2 whitespace-pre-wrap break-words [.text-message+&amp;]:mt-5 overflow-x-auto\" dir=\"auto\" data-message-author-role=\"assistant\" data-message-id=\"21bae5b9-c40a-4154-9f2d-c9d97a865cc9\">\n<div class=\"flex w-full flex-col gap-1 empty:hidden first:pt-[3px]\">\n<div class=\"markdown prose w-full break-words dark:prose-invert light\">\n<h4><span style=\"font-size: 10pt;\">Zastosowanie:<\/span><\/h4>\n<ul>\n<li><span style=\"font-size: 10pt;\">Doskona\u0142e na deszczowe dni, do zabawy na podw\u00f3rku, w ka\u0142u\u017cach i b\u0142ocie.<\/span><\/li>\n<li><span style=\"font-size: 10pt;\">Odpowiednie r\u00f3wnie\u017c do codziennego u\u017cytku w mokrych warunkach pogodowych.<\/span><\/li>\n<\/ul>\n<h4><span style=\"font-size: 10pt;\">Wygoda i komfort:<\/span><\/h4>\n<ul>\n<li><span style=\"font-size: 10pt;\">Ergonomiczny kszta\u0142t kaloszy zapewnia dobre dopasowanie do stopy dziecka.<\/span><\/li>\n<li><span style=\"font-size: 10pt;\">Wy\u015bcie\u0142ane wn\u0119trze zwi\u0119ksza komfort i pozwala na d\u0142u\u017csze noszenie bez uczucia dyskomfortu.<\/span><\/li>\n<\/ul><\/div>\n<\/p><\/div>\n<\/p><\/div>\n<\/p><\/div>\n<\/p><\/div>\n<\/p><\/div>\n<\/p><\/div>\n<\/p><\/div>\n<\/p><\/div>\n<p style=\"text-align: right;\"><img decoding=\"async\" src=\"\/userdata\/public\/assets\/\/MIP.jpg\" alt=\"\" width=\"100\" height=\"51\" \/><\/p>\n<\/p><\/div>\n<\/p><\/div>\n<\/p><\/div>\n<\/p><\/div>\n","protected":false},"excerpt":{"rendered":"<p>\u00a0 \u00a0\u00a0\u00a0 rozmiar 22\/23 24\/25 26\/27 28\/29 30\/31 23\/33 34\/35 36\/37 d\u0142. wk\u0142adki (cm) 16 16,6 17 17,5 18 18,4 18,9 19,4 Kalosze\u00a0marki Lemigo\u00a0to\u00a0wysokiej jako\u015bci Polski Produkt. Szczeg\u00f3\u0142y produktu: Materia\u0142\u00a0&#8211; obuwie\u00a0wykonane z lekkiego, wytrzyma\u0142ego i wysokogatunkowego tworzywa\u00a0EVA, 100% wodoodporne, a przy tym \u0142atwe w utrzymaniu czysto\u015bci. Izolacja termiczna &#8211;\u00a0kalosze Lemigo zapewniaj\u0105 dobr\u0105 izolacj\u0119 termiczn\u0105, dzi\u0119ki [&hellip;]<\/p>\n","protected":false},"featured_media":2348,"comment_status":"open","ping_status":"closed","template":"","meta":[],"product_brand":[],"product_cat":[27],"product_tag":[],"class_list":{"0":"post-2349","1":"product","2":"type-product","3":"status-publish","4":"has-post-thumbnail","6":"product_cat-kalosze-ocieplane","8":"first","9":"instock","10":"shipping-taxable","11":"product-type-simple"},"_links":{"self":[{"href":"https:\/\/lemigo.pl\/wp\/wp-json\/wp\/v2\/product\/2349","targetHints":{"allow":["GET"]}}],"collection":[{"href":"https:\/\/lemigo.pl\/wp\/wp-json\/wp\/v2\/product"}],"about":[{"href":"https:\/\/lemigo.pl\/wp\/wp-json\/wp\/v2\/types\/product"}],"replies":[{"embeddable":true,"href":"https:\/\/lemigo.pl\/wp\/wp-json\/wp\/v2\/comments?post=2349"}],"wp:featuredmedia":[{"embeddable":true,"href":"https:\/\/lemigo.pl\/wp\/wp-json\/wp\/v2\/media\/2348"}],"wp:attachment":[{"href":"https:\/\/lemigo.pl\/wp\/wp-json\/wp\/v2\/media?parent=2349"}],"wp:term":[{"taxonomy":"product_brand","embeddable":true,"href":"https:\/\/lemigo.pl\/wp\/wp-json\/wp\/v2\/product_brand?post=2349"},{"taxonomy":"product_cat","embeddable":true,"href":"https:\/\/lemigo.pl\/wp\/wp-json\/wp\/v2\/product_cat?post=2349"},{"taxonomy":"product_tag","embeddable":true,"href":"https:\/\/lemigo.pl\/wp\/wp-json\/wp\/v2\/product_tag?post=2349"}],"curies":[{"name":"wp","href":"https:\/\/api.w.org\/{rel}","templated":true}]}}