{"id":2834,"date":"2025-11-03T21:21:57","date_gmt":"2025-11-03T20:21:57","guid":{"rendered":"https:\/\/lemigo.pl\/wp\/?product=kalosze-damskie-horse-2"},"modified":"2025-11-04T02:50:06","modified_gmt":"2025-11-04T01:50:06","slug":"kalosze-damskie-horse-2","status":"publish","type":"product","link":"https:\/\/lemigo.pl\/wp\/produkt\/kalosze-damskie-horse-2\/","title":{"rendered":"Kalosze damskie Horse"},"content":{"rendered":"<div class=\"innerbox\">\n<div class=\"resetcss\">\n<p class=\"p1\"><img decoding=\"async\" src=\"\/userdata\/public\/assets\/\/eva.jpg\" alt=\"\" width=\"127\" height=\"56\" \/><img decoding=\"async\" src=\"\/userdata\/public\/assets\/\/aluminium.png\" alt=\"\" width=\"100\" height=\"74\" \/><\/p>\n<table class=\"dlwkladki\" style=\"width: 428.15px;\">\n<tbody>\n<tr style=\"height: 21.5833px;\">\n<td style=\"width: 157px; height: 21.5833px;\"><strong>rozmiar<\/strong><\/td>\n<td style=\"width: 71px; text-align: center; height: 21.5833px;\">36<\/td>\n<td style=\"width: 33px; text-align: center; height: 21.5833px;\">37<\/td>\n<td style=\"width: 38px; text-align: center; height: 21.5833px;\">38<\/td>\n<td style=\"width: 48px; text-align: center; height: 21.5833px;\">39<\/td>\n<td style=\"width: 39px; text-align: center; height: 21.5833px;\">40<\/td>\n<td style=\"width: 54px; text-align: center; height: 21.5833px;\">41<\/td>\n<td style=\"width: 54px; text-align: center; height: 21.5833px;\">42<\/td>\n<\/tr>\n<tr style=\"border: 1px solid #efefef; height: 32px;\">\n<td style=\"width: 157px; height: 32px;\"><strong>d\u0142ugo\u015b\u0107 wk\u0142adki (cm)<\/strong><\/td>\n<td style=\"width: 71px; text-align: center; height: 32px;\">24<\/td>\n<td style=\"width: 33px; text-align: center; height: 32px;\">24,5<\/td>\n<td style=\"width: 38px; text-align: center; height: 32px;\">25<\/td>\n<td style=\"width: 48px; text-align: center; height: 32px;\">25,5<\/td>\n<td style=\"width: 39px; text-align: center; height: 32px;\">26<\/td>\n<td style=\"width: 54px; text-align: center; height: 32px;\">26,5<\/td>\n<td style=\"width: 54px; text-align: center; height: 32px;\">27<\/td>\n<\/tr>\n<\/tbody>\n<\/table>\n<p><strong>W\u0142a\u015bnie znalaz\u0142a\u015b idealne kalosze damskie.<br \/>\n<\/strong><\/p>\n<h3>Kalosze Lemigo Horse\u00a0 \u2013 Komfort i Ochrona w Ka\u017cdej Pogodzie<\/h3>\n<h4>Opis Produktu:<\/h4>\n<p>Kalosze Lemigo Horse\u00a0 to idealne po\u0142\u0105czenie nowoczesnych technologii i funkcjonalno\u015bci, zapewniaj\u0105ce najwy\u017cszy komfort oraz ochron\u0119 w r\u00f3\u017cnych warunkach atmosferycznych. Stworzone z my\u015bl\u0105 o codziennym u\u017cytkowaniu, te kalosze oferuj\u0105 trwa\u0142o\u015b\u0107, doskona\u0142e w\u0142a\u015bciwo\u015bci izolacyjne i elegancki design.<\/p>\n<h4>Kluczowe Cechy Produktu:<\/h4>\n<ul>\n<li><strong>Materia\u0142 Najwy\u017cszej Jako\u015bci<\/strong>: Kalosze s\u0105 wykonane w 100% z materia\u0142u EVA (etylenowinylokopolimer), kt\u00f3ry jest znacznie l\u017cejszy od tradycyjnych materia\u0142\u00f3w takich jak guma czy PVC. EVA zapewnia nie tylko trwa\u0142o\u015b\u0107, ale tak\u017ce wyj\u0105tkowe w\u0142a\u015bciwo\u015bci termoizolacyjne, gwarantuj\u0105c wygod\u0119 i ochron\u0119 w ka\u017cdych warunkach.<\/li>\n<li><strong>Wysoka Izolacja Termiczna<\/strong>: Dzi\u0119ki zastosowaniu p\u0119cherzyk\u00f3w powietrza w materiale EVA, kalosze zapewniaj\u0105 wysok\u0105 izolacj\u0119 termiczn\u0105. Twoje stopy pozostan\u0105 ciep\u0142e i suche nawet podczas najzimniejszych dni.<\/li>\n<li><strong>Wyjmowany Ocieplacz<\/strong>: Model Horse\u00a0 wyposa\u017cony jest w wyjmowany ocieplacz z filcowym ko\u0142nierzem. Ocieplacz zapewnia dodatkowe ciep\u0142o i komfort, a jego wymiana lub czyszczenie jest szybkie i wygodne.<\/li>\n<li><strong>Ergonomiczne Dopasowanie<\/strong>: Kalosze zosta\u0142y zaprojektowane z my\u015bl\u0105 o ergonomii, co zapewnia doskona\u0142e dopasowanie do kszta\u0142tu stopy i optymaln\u0105 swobod\u0119 ruchu. Materia\u0142 EVA zachowuje elastyczno\u015b\u0107 nawet w niskich temperaturach, co zwi\u0119ksza komfort u\u017cytkowania.<\/li>\n<li><strong>Wodoszczelno\u015b\u0107 i \u0141atwo\u015b\u0107 w Utrzymaniu<\/strong>: Wodoszczelna konstrukcja chroni przed wilgoci\u0105 i b\u0142otem, a materia\u0142 EVA jest \u0142atwy do czyszczenia. Wystarczy przetrze\u0107 kalosze wilgotn\u0105 szmatk\u0105, aby usun\u0105\u0107 zabrudzenia i zachowa\u0107 ich estetyczny wygl\u0105d.<\/li>\n<li><strong>Nowoczesny Design<\/strong>: Kalosze Horse 15 dost\u0119pne s\u0105 w klasycznym czarnym kolorze, co sprawia, \u017ce s\u0105 uniwersalne i pasuj\u0105 do r\u00f3\u017cnych stylizacji. Elegancki design i estetyka id\u0105 w parze z funkcjonalno\u015bci\u0105.<\/li>\n<\/ul>\n<h4>Idealne na Ka\u017cd\u0105 Pora Roku:<\/h4>\n<p>Kalosze Lemigo Horse\u00a0 to wszechstronne obuwie, kt\u00f3re doskonale sprawdzi si\u0119 w ka\u017cdych warunkach pogodowych. Doskona\u0142e na deszczowe dni, zimowe opady czy codzienne spacery. Dzi\u0119ki nim b\u0119dziesz cieszy\u0107 si\u0119 komfortem i ochron\u0105 niezale\u017cnie od pogody.<\/p>\n<p>Wybierz kalosze Lemigo Horse\u00a0 i do\u015bwiadcz po\u0142\u0105czenia nowoczesno\u015bci, funkcjonalno\u015bci i komfortu w jednym produkcie!<\/p>\n<p style=\"text-align: right;\"><img decoding=\"async\" src=\"\/userdata\/public\/assets\/\/MIP.jpg\" alt=\"\" width=\"100\" height=\"51\" \/><\/p>\n<\/div>\n<\/div>\n","protected":false},"excerpt":{"rendered":"<p>Kalosze damskie dost\u0119pne w rozmiarze: 36-41<\/p>\n","protected":false},"featured_media":3193,"comment_status":"open","ping_status":"closed","template":"","meta":[],"product_brand":[],"product_cat":[77],"product_tag":[],"class_list":{"0":"post-2834","1":"product","2":"type-product","3":"status-publish","4":"has-post-thumbnail","6":"product_cat-myslistwo","8":"first","9":"instock","10":"shipping-taxable","11":"product-type-simple"},"_links":{"self":[{"href":"https:\/\/lemigo.pl\/wp\/wp-json\/wp\/v2\/product\/2834","targetHints":{"allow":["GET"]}}],"collection":[{"href":"https:\/\/lemigo.pl\/wp\/wp-json\/wp\/v2\/product"}],"about":[{"href":"https:\/\/lemigo.pl\/wp\/wp-json\/wp\/v2\/types\/product"}],"replies":[{"embeddable":true,"href":"https:\/\/lemigo.pl\/wp\/wp-json\/wp\/v2\/comments?post=2834"}],"wp:featuredmedia":[{"embeddable":true,"href":"https:\/\/lemigo.pl\/wp\/wp-json\/wp\/v2\/media\/3193"}],"wp:attachment":[{"href":"https:\/\/lemigo.pl\/wp\/wp-json\/wp\/v2\/media?parent=2834"}],"wp:term":[{"taxonomy":"product_brand","embeddable":true,"href":"https:\/\/lemigo.pl\/wp\/wp-json\/wp\/v2\/product_brand?post=2834"},{"taxonomy":"product_cat","embeddable":true,"href":"https:\/\/lemigo.pl\/wp\/wp-json\/wp\/v2\/product_cat?post=2834"},{"taxonomy":"product_tag","embeddable":true,"href":"https:\/\/lemigo.pl\/wp\/wp-json\/wp\/v2\/product_tag?post=2834"}],"curies":[{"name":"wp","href":"https:\/\/api.w.org\/{rel}","templated":true}]}}