{"id":2946,"date":"2025-11-03T21:22:16","date_gmt":"2025-11-03T20:22:16","guid":{"rendered":"https:\/\/lemigo.pl\/wp\/?product=chodaki-biocomfort-5"},"modified":"2025-11-19T02:38:39","modified_gmt":"2025-11-19T01:38:39","slug":"chodaki-biocomfort-5","status":"publish","type":"product","link":"https:\/\/lemigo.pl\/wp\/produkt\/chodaki-biocomfort-5\/","title":{"rendered":"Chodaki Biocomfort"},"content":{"rendered":"<p><img decoding=\"async\" src=\"\/userdata\/public\/assets\/\/Zrzut%20ekranu%202025-03-14%20o%2006.21.21.png\" alt=\"\" width=\"127\" height=\"66\" \/>\u00a0\u00a0<img decoding=\"async\" src=\"https:\/\/skleplemigo.pl\/userdata\/public\/assets\/\/eva.jpg\" alt=\"\" width=\"147\" height=\"64\" \/><\/p>\n<div style=\"overflow-x: scroll; max-width: 100%; -webkit-overflow-scrolling: touch;\">\n<table style=\"width: 1190px; border-collapse: collapse; text-align: center; height: 158px;\">\n<thead>\n<tr style=\"border-bottom-width: 1px; border-bottom-style: solid; border-bottom-color: #dddddd; height: 60px;\">\n<th style=\"padding: 8px; border: 1px solid #dddddd; width: 185.5px; height: 60px;\">rozmiar<\/th>\n<th style=\"padding: 8px; border: 1px solid #dddddd; width: 71.083336px; height: 60px;\">36<\/th>\n<th style=\"padding: 8px; border: 1px solid #dddddd; width: 63.5px; height: 60px;\">37<\/th>\n<th style=\"padding: 8px; border: 1px solid #dddddd; width: 68.729164px; height: 60px;\">38<\/th>\n<th style=\"padding: 8px; border: 1px solid #dddddd; width: 64.541664px; height: 60px;\">39<\/th>\n<th style=\"padding: 8px; border: 1px solid #dddddd; width: 67.6875px; height: 60px;\">40<\/th>\n<th style=\"padding: 8px; border: 1px solid #dddddd; width: 65.583336px; height: 60px;\">41<\/th>\n<th style=\"padding: 8px; border: 1px solid #dddddd; width: 65.583336px; height: 60px;\">42<\/th>\n<th style=\"padding: 8px; border: 1px solid #dddddd; width: 62.458332px; height: 60px;\">43<\/th>\n<th style=\"padding: 8px; border: 1px solid #dddddd; width: 62.458332px; height: 60px;\">44<\/th>\n<th style=\"padding: 8px; border: 1px solid #dddddd; width: 62.458332px; height: 60px;\">45<\/th>\n<th style=\"padding: 8px; border: 1px solid #dddddd; width: 61.416668px; height: 60px;\">46<\/th>\n<th style=\"padding: 8px; border: 1px solid #dddddd; width: 62.458332px; height: 60px;\">47<\/th>\n<\/tr>\n<\/thead>\n<tbody>\n<tr style=\"height: 23px;\">\n<td style=\"padding: 8px; border: 1px solid #dddddd; width: 185.5px; height: 23px;\">d\u0142. wk\u0142adki (cm)<\/td>\n<td style=\"padding: 8px; border: 1px solid #dddddd; width: 71.083336px; height: 23px;\">24<\/td>\n<td style=\"padding: 8px; border: 1px solid #dddddd; width: 63.5px; height: 23px;\">24,5<\/td>\n<td style=\"padding: 8px; border: 1px solid #dddddd; width: 68.729164px; height: 23px;\">25<\/td>\n<td style=\"padding: 8px; border: 1px solid #dddddd; width: 64.541664px; height: 23px;\">25,5<\/td>\n<td style=\"padding: 8px; border: 1px solid #dddddd; width: 67.6875px; height: 23px;\">26<\/td>\n<td style=\"padding: 8px; border: 1px solid #dddddd; width: 65.583336px; height: 23px;\">26,5<\/td>\n<td style=\"padding: 8px; border: 1px solid #dddddd; width: 65.583336px; height: 23px;\">27<\/td>\n<td style=\"padding: 8px; border: 1px solid #dddddd; width: 62.458332px; height: 23px;\">27,5<\/td>\n<td style=\"padding: 8px; border: 1px solid #dddddd; width: 62.458332px; height: 23px;\">28<\/td>\n<td style=\"padding: 8px; border: 1px solid #dddddd; width: 62.458332px; height: 23px;\">28,5<\/td>\n<td style=\"padding: 8px; border: 1px solid #dddddd; width: 61.416668px; height: 23px;\">29<\/td>\n<td style=\"padding: 8px; border: 1px solid #dddddd; width: 62.458332px; height: 23px;\">29.5<\/td>\n<\/tr>\n<\/tbody>\n<\/table>\n<p><span style=\"font-size: 10pt;\"><strong>Chodaki\u00a0marki\u00a0Lemigo to\u00a0wysokiej jako\u015bci Polski Produkt.<\/strong><\/span><\/p>\n<section class=\"ac-container\">\n<div style=\"text-align: left;\">\n<section class=\"ac-container\">\n<div style=\"text-align: left;\">\n<section class=\"ac-container\">\n<div style=\"text-align: left;\">\n<section class=\"ac-container\">\n<div style=\"text-align: left;\">\n<div class=\"innerbox\">\n<div class=\"resetcss\">\n<div class=\"innerbox\">\n<div class=\"resetcss\">\n<p><span style=\"font-size: 10pt;\"><strong>Szczeg\u00f3\u0142y produktu:<\/strong><\/span><\/p>\n<div class=\"w-full text-token-text-primary\" dir=\"auto\" data-testid=\"conversation-turn-5\" data-scroll-anchor=\"false\">\n<div class=\"text-base py-[18px] px-3 md:px-4 m-auto md:px-5 lg:px-1 xl:px-5\">\n<div class=\"mx-auto flex flex-1 gap-4 text-base md:gap-5 lg:gap-6 md:max-w-3xl lg:max-w-[40rem] xl:max-w-[48rem]\">\n<div class=\"group\/conversation-turn relative flex w-full min-w-0 flex-col agent-turn\">\n<div class=\"flex-col gap-1 md:gap-3\">\n<div class=\"flex flex-grow flex-col max-w-full\">\n<div class=\"min-h-[20px] text-message flex w-full flex-col items-end gap-2 whitespace-pre-wrap break-words [.text-message+&amp;]:mt-5 overflow-x-auto\" dir=\"auto\" data-message-author-role=\"assistant\" data-message-id=\"21bae5b9-c40a-4154-9f2d-c9d97a865cc9\">\n<div class=\"flex w-full flex-col gap-1 empty:hidden first:pt-[3px]\">\n<div class=\"markdown prose w-full break-words dark:prose-invert light\">\n<ul>\n<li><span style=\"font-size: 10pt;\"><strong>Materia\u0142\u00a0&#8211;\u00a0<\/strong>obuwie\u00a0wykonane z lekkiego, wytrzyma\u0142ego i wysokogatunkowego tworzywa\u00a0EVA, 100% wodoodporne, \u0142atwe w utrzymaniu czysto\u015bci.<\/span><\/li>\n<li><span style=\"font-size: 10pt;\"><strong>Podeszwa &#8211;\u00a0<\/strong>urze\u017abiona,\u00a0<span class=\"gc__product__attribute__value\">elastyczna<\/span>, antypo\u015blizgowa SRC, odporna na \u015bcieranie. Zapewnia bezpiecze\u0144stwo na mokrej nawierzchni.<\/span><\/li>\n<li><span style=\"font-size: 10pt;\"><strong>Udogodnienia &#8211;<\/strong>\u00a0super lekkie i elastyczne.<\/span><\/li>\n<li><span style=\"font-size: 10pt;\"><strong>Produkt jest bezpieczny &#8211;<\/strong>\u00a0zgodnie z wymaganiami rozporz\u0105dzenia GPSR.<\/span><\/li>\n<\/ul>\n<h4><span style=\"font-size: 10pt;\">Zastosowanie:<\/span><\/h4>\n<ul>\n<li><span style=\"font-size: 10pt;\">Ogrodnictwo, rybo\u0142\u00f3wstwo, przemys\u0142 spo\u017cywczy, przemys\u0142 chemiczny, prace komunalne, laboratoria.<\/span><\/li>\n<li><span style=\"font-size: 10pt;\">Odpowiednie r\u00f3wnie\u017c do codziennego u\u017cytku.<\/span><\/li>\n<\/ul>\n<h4><span style=\"font-size: 10pt;\">Wygoda i komfort:\u00a0<\/span><\/h4>\n<ul>\n<li><span style=\"font-size: 10pt;\">\u00a0Ergonomiczny kszta\u0142t zapewniaj\u0105cy dobre dopasowanie do stopy.<\/span><\/li>\n<\/ul>\n<\/div>\n<\/div>\n<\/div>\n<\/div>\n<\/div>\n<\/div>\n<\/div>\n<\/div>\n<\/div>\n<\/div>\n<\/div>\n<\/div>\n<\/div>\n<p style=\"text-align: right;\"><span style=\"font-size: 10pt;\"><img decoding=\"async\" src=\"\/userdata\/public\/assets\/\/MIP.jpg\" alt=\"\" width=\"100\" height=\"51\" \/><\/span><\/p>\n<\/div>\n<\/section>\n<\/div>\n<\/section>\n<\/div>\n<\/section>\n<\/div>\n<\/section>\n<\/div>\n","protected":false},"excerpt":{"rendered":"<p>\u00a0\u00a0 rozmiar 36 37 38 39 40 41 42 43 44 45 46 47 d\u0142. wk\u0142adki (cm) 24 24,5 25 25,5 26 26,5 27 27,5 28 28,5 29 29.5 Chodaki\u00a0marki\u00a0Lemigo to\u00a0wysokiej jako\u015bci Polski Produkt. Szczeg\u00f3\u0142y produktu: Materia\u0142\u00a0&#8211;\u00a0obuwie\u00a0wykonane z lekkiego, wytrzyma\u0142ego i wysokogatunkowego tworzywa\u00a0EVA, 100% wodoodporne, \u0142atwe w utrzymaniu czysto\u015bci. Podeszwa &#8211;\u00a0urze\u017abiona,\u00a0elastyczna, antypo\u015blizgowa SRC, odporna na [&hellip;]<\/p>\n","protected":false},"featured_media":3606,"comment_status":"open","ping_status":"closed","template":"","meta":[],"product_brand":[],"product_cat":[39],"product_tag":[],"class_list":{"0":"post-2946","1":"product","2":"type-product","3":"status-publish","4":"has-post-thumbnail","6":"product_cat-klapki-damskie","8":"first","9":"instock","10":"shipping-taxable","11":"product-type-simple"},"_links":{"self":[{"href":"https:\/\/lemigo.pl\/wp\/wp-json\/wp\/v2\/product\/2946","targetHints":{"allow":["GET"]}}],"collection":[{"href":"https:\/\/lemigo.pl\/wp\/wp-json\/wp\/v2\/product"}],"about":[{"href":"https:\/\/lemigo.pl\/wp\/wp-json\/wp\/v2\/types\/product"}],"replies":[{"embeddable":true,"href":"https:\/\/lemigo.pl\/wp\/wp-json\/wp\/v2\/comments?post=2946"}],"wp:featuredmedia":[{"embeddable":true,"href":"https:\/\/lemigo.pl\/wp\/wp-json\/wp\/v2\/media\/3606"}],"wp:attachment":[{"href":"https:\/\/lemigo.pl\/wp\/wp-json\/wp\/v2\/media?parent=2946"}],"wp:term":[{"taxonomy":"product_brand","embeddable":true,"href":"https:\/\/lemigo.pl\/wp\/wp-json\/wp\/v2\/product_brand?post=2946"},{"taxonomy":"product_cat","embeddable":true,"href":"https:\/\/lemigo.pl\/wp\/wp-json\/wp\/v2\/product_cat?post=2946"},{"taxonomy":"product_tag","embeddable":true,"href":"https:\/\/lemigo.pl\/wp\/wp-json\/wp\/v2\/product_tag?post=2946"}],"curies":[{"name":"wp","href":"https:\/\/api.w.org\/{rel}","templated":true}]}}