{"id":2970,"date":"2025-11-03T21:22:20","date_gmt":"2025-11-03T20:22:20","guid":{"rendered":"https:\/\/lemigo.pl\/wp\/?post_type=product&#038;p=2970"},"modified":"2025-11-19T02:25:59","modified_gmt":"2025-11-19T01:25:59","slug":"kalosze-damskie-jessy-7","status":"publish","type":"product","link":"https:\/\/lemigo.pl\/wp\/produkt\/kalosze-damskie-jessy-7\/","title":{"rendered":"KALOSZE DAMSKIE JESSY"},"content":{"rendered":"<div class=\"innerbox\">\n<div class=\"resetcss\">\n<p class=\"p1\"><img decoding=\"async\" src=\"\/userdata\/public\/assets\/\/eva.jpg\" alt=\"\" width=\"127\" height=\"56\" \/><\/p>\n<div style=\"overflow-x: scroll; max-width: 100%; -webkit-overflow-scrolling: touch;\">\n<table style=\"width: 618px; border-collapse: collapse; text-align: center; height: 69px;\">\n<thead>\n<tr style=\"border-bottom: 1px solid #ddd;\">\n<th style=\"padding: 8px; border: 1px solid #dddddd; width: 151.654404px;\">Rozmiar<\/th>\n<th style=\"padding: 8px; border: 1px solid #dddddd; width: 47.775734px;\">36<\/th>\n<th style=\"padding: 8px; border: 1px solid #dddddd; width: 47.775734px;\">37<\/th>\n<th style=\"padding: 8px; border: 1px solid #dddddd; width: 47.775734px;\">38<\/th>\n<th style=\"padding: 8px; border: 1px solid #dddddd; width: 47.775734px;\">39<\/th>\n<th style=\"padding: 8px; border: 1px solid #dddddd; width: 47.775734px;\">40<\/th>\n<th style=\"padding: 8px; border: 1px solid #dddddd; width: 41.268383px;\">41<\/th>\n<th style=\"padding: 8px; border: 1px solid #dddddd; width: 47.775734px;\">42<\/th>\n<\/tr>\n<\/thead>\n<tbody>\n<tr>\n<td style=\"padding: 8px; border: 1px solid #dddddd; width: 151.654404px;\">D\u0142. wk\u0142adki (cm)<\/td>\n<td style=\"padding: 8px; border: 1px solid #dddddd; width: 47.775734px;\">24<\/td>\n<td style=\"padding: 8px; border: 1px solid #dddddd; width: 47.775734px;\">24,5<\/td>\n<td style=\"padding: 8px; border: 1px solid #dddddd; width: 47.775734px;\">25<\/td>\n<td style=\"padding: 8px; border: 1px solid #dddddd; width: 47.775734px;\">25,5<\/td>\n<td style=\"padding: 8px; border: 1px solid #dddddd; width: 47.775734px;\">26<\/td>\n<td style=\"padding: 8px; border: 1px solid #dddddd; width: 41.268383px;\">26,5<\/td>\n<td style=\"padding: 8px; border: 1px solid #dddddd; width: 47.775734px;\">27<\/td>\n<\/tr>\n<\/tbody>\n<\/table>\n<\/div>\n<p><span style=\"font-size: 12pt;\"><strong>Kalosze marki Lemigo to\u00a0wysokiej jako\u015bci Polski Produkt.<\/strong><\/span><\/p>\n<p><span style=\"font-size: 12pt;\"><strong>Szczeg\u00f3\u0142y produktu:<\/strong><\/span><\/p>\n<div class=\"w-full text-token-text-primary\" dir=\"auto\" data-testid=\"conversation-turn-5\" data-scroll-anchor=\"false\">\n<div class=\"text-base py-[18px] px-3 md:px-4 m-auto md:px-5 lg:px-1 xl:px-5\">\n<div class=\"mx-auto flex flex-1 gap-4 text-base md:gap-5 lg:gap-6 md:max-w-3xl lg:max-w-[40rem] xl:max-w-[48rem]\">\n<div class=\"group\/conversation-turn relative flex w-full min-w-0 flex-col agent-turn\">\n<div class=\"flex-col gap-1 md:gap-3\">\n<div class=\"flex flex-grow flex-col max-w-full\">\n<div class=\"min-h-[20px] text-message flex w-full flex-col items-end gap-2 whitespace-pre-wrap break-words [.text-message+&amp;]:mt-5 overflow-x-auto\" dir=\"auto\" data-message-author-role=\"assistant\" data-message-id=\"21bae5b9-c40a-4154-9f2d-c9d97a865cc9\">\n<div class=\"flex w-full flex-col gap-1 empty:hidden first:pt-[3px]\">\n<div class=\"markdown prose w-full break-words dark:prose-invert light\">\n<ul style=\"list-style-type: disc;\">\n<li><strong>Materia\u0142\u00a0&#8211; <\/strong>obuwie<strong>\u00a0<\/strong>wykonane z lekkiego, wytrzyma\u0142ego i wysokogatunkowego tworzywa\u00a0EVA, 100% wodoodporne, a przy tym \u0142atwe w utrzymaniu czysto\u015bci.<\/li>\n<li><strong>Izolacja termiczna &#8211;<\/strong>\u00a0kalosze zapewniaj\u0105 dobr\u0105 izolacj\u0119 termiczn\u0105, dzi\u0119ki czemu stopy ca\u0142y czas s\u0105 suche i odczuwaj\u0105 przyjemne ciep\u0142o.<\/li>\n<li><strong>Wk\u0142ad ocieplaj\u0105cy &#8211;\u00a0<\/strong>wymienny ocieplacz z wywijanym sztruksowym ko\u0142nierzem.<\/li>\n<li><strong>Podeszwa &#8211; <\/strong>urze\u017abiona, elastyczna, odporna na \u015bcieranie zapewnia bezpiecze\u0144stwo na mokrej nawierzchni.<\/li>\n<li><strong>Udogodnienia<\/strong> &#8211; nowoczesny design, dost\u0119pne w kilku wariantach kolorystycznych.<\/li>\n<li><strong>Produkt jest bezpieczny &#8211;<\/strong>\u00a0zgodnie z wymaganiami rozporz\u0105dzenia GPSR.<\/li>\n<\/ul>\n<h4><span style=\"font-size: 12pt;\">Zastosowanie:<\/span><\/h4>\n<ul>\n<li>Rolnictwo i hodowla zwierz\u0105t, le\u015bnictwo, ogrodnictwo, rybo\u0142\u00f3wstwo,p rzemys\u0142 spo\u017cywczy, budownictwo, przemys\u0142 chemiczny, prace komunalne,\u00a0turystyka i rekreacja, medycyna weterynaryjna.<\/li>\n<li>Odpowiednie r\u00f3wnie\u017c do codziennego u\u017cytku w mokrych warunkach pogodowych.<\/li>\n<\/ul>\n<\/div>\n<\/div>\n<\/div>\n<\/div>\n<\/div>\n<\/div>\n<\/div>\n<\/div>\n<\/div>\n<div class=\"w-full text-token-text-primary\" dir=\"auto\" data-testid=\"conversation-turn-5\" data-scroll-anchor=\"false\">\n<div class=\"text-base py-[18px] px-3 md:px-4 m-auto md:px-5 lg:px-1 xl:px-5\">\n<div class=\"mx-auto flex flex-1 gap-4 text-base md:gap-5 lg:gap-6 md:max-w-3xl lg:max-w-[40rem] xl:max-w-[48rem]\">\n<div class=\"group\/conversation-turn relative flex w-full min-w-0 flex-col agent-turn\">\n<div class=\"flex-col gap-1 md:gap-3\">\n<div class=\"flex flex-grow flex-col max-w-full\">\n<div class=\"min-h-[20px] text-message flex w-full flex-col items-end gap-2 whitespace-pre-wrap break-words [.text-message+&amp;]:mt-5 overflow-x-auto\" dir=\"auto\" data-message-author-role=\"assistant\" data-message-id=\"21bae5b9-c40a-4154-9f2d-c9d97a865cc9\">\n<div class=\"flex w-full flex-col gap-1 empty:hidden first:pt-[3px]\">\n<div class=\"markdown prose w-full break-words dark:prose-invert light\">\n<h4><span style=\"font-size: 12pt;\">Wygoda i komfort:<\/span><\/h4>\n<ul>\n<li>Ergonomiczny kszta\u0142t kaloszy zapewnia dobre dopasowanie do stopy.<\/li>\n<li>Wy\u015bcie\u0142ane wn\u0119trze zwi\u0119ksza komfort i pozwala na d\u0142u\u017csze noszenie bez uczucia dyskomfortu.<\/li>\n<\/ul>\n<\/div>\n<\/div>\n<\/div>\n<\/div>\n<\/div>\n<\/div>\n<\/div>\n<\/div>\n<p style=\"text-align: right;\"><img decoding=\"async\" src=\"\/userdata\/public\/assets\/\/MIP.jpg\" alt=\"\" width=\"100\" height=\"51\" \/><\/p>\n<\/div>\n<\/div>\n<\/div>\n","protected":false},"excerpt":{"rendered":"<p>Kalosze damskie dost\u0119pne w rozmiarze: 36-42<\/p>\n","protected":false},"featured_media":3539,"comment_status":"open","ping_status":"closed","template":"","meta":[],"product_brand":[],"product_cat":[30],"product_tag":[],"class_list":{"0":"post-2970","1":"product","2":"type-product","3":"status-publish","4":"has-post-thumbnail","6":"product_cat-kalosze-ocieplane-obuwie-damskie","8":"first","9":"instock","10":"shipping-taxable","11":"product-type-simple"},"_links":{"self":[{"href":"https:\/\/lemigo.pl\/wp\/wp-json\/wp\/v2\/product\/2970","targetHints":{"allow":["GET"]}}],"collection":[{"href":"https:\/\/lemigo.pl\/wp\/wp-json\/wp\/v2\/product"}],"about":[{"href":"https:\/\/lemigo.pl\/wp\/wp-json\/wp\/v2\/types\/product"}],"replies":[{"embeddable":true,"href":"https:\/\/lemigo.pl\/wp\/wp-json\/wp\/v2\/comments?post=2970"}],"wp:featuredmedia":[{"embeddable":true,"href":"https:\/\/lemigo.pl\/wp\/wp-json\/wp\/v2\/media\/3539"}],"wp:attachment":[{"href":"https:\/\/lemigo.pl\/wp\/wp-json\/wp\/v2\/media?parent=2970"}],"wp:term":[{"taxonomy":"product_brand","embeddable":true,"href":"https:\/\/lemigo.pl\/wp\/wp-json\/wp\/v2\/product_brand?post=2970"},{"taxonomy":"product_cat","embeddable":true,"href":"https:\/\/lemigo.pl\/wp\/wp-json\/wp\/v2\/product_cat?post=2970"},{"taxonomy":"product_tag","embeddable":true,"href":"https:\/\/lemigo.pl\/wp\/wp-json\/wp\/v2\/product_tag?post=2970"}],"curies":[{"name":"wp","href":"https:\/\/api.w.org\/{rel}","templated":true}]}}