{"id":2996,"date":"2025-11-03T21:22:24","date_gmt":"2025-11-03T20:22:24","guid":{"rendered":"https:\/\/lemigo.pl\/wp\/?product=kalosze-meskie-garden-4"},"modified":"2026-01-08T20:36:05","modified_gmt":"2026-01-08T19:36:05","slug":"kalosze-meskie-garden-4","status":"publish","type":"product","link":"https:\/\/lemigo.pl\/wp\/produkt\/kalosze-meskie-garden-4\/","title":{"rendered":"Kalosze m\u0119skie Garden"},"content":{"rendered":"<p><img decoding=\"async\" src=\"\/userdata\/public\/assets\/\/eva.jpg\" alt=\"\" width=\"136\" height=\"59\" \/><\/p>\n<div class=\"innerbox\">\n<div class=\"resetcss\">\n<div class=\"innerbox\">\n<div class=\"resetcss\">\n<div style=\"overflow-x: scroll; max-width: 100%; -webkit-overflow-scrolling: touch;\">\n<table style=\"width: 748px; border-collapse: collapse; text-align: center; height: 75px;\">\n<thead>\n<tr style=\"border-bottom: 1px solid #ddd;\">\n<th style=\"padding: 8px; border: 1px solid #dddddd; width: 140.863968px;\">Rozmiar<\/th>\n<th style=\"padding: 8px; border: 1px solid #dddddd; width: 46.948528px;\">42<\/th>\n<th style=\"padding: 8px; border: 1px solid #dddddd; width: 51.378674px;\">43<\/th>\n<th style=\"padding: 8px; border: 1px solid #dddddd; width: 48.198528px;\">44<\/th>\n<th style=\"padding: 8px; border: 1px solid #dddddd; width: 46.948528px;\">45<\/th>\n<th style=\"padding: 8px; border: 1px solid #dddddd; width: 51.948528px;\">46<\/th>\n<th style=\"padding: 8px; border: 1px solid #dddddd; width: 47.518379px;\">47<\/th>\n<\/tr>\n<\/thead>\n<tbody>\n<tr>\n<td style=\"padding: 8px; border: 1px solid #dddddd; width: 140.863968px;\">D\u0142. wk\u0142adki (cm)<\/td>\n<td style=\"padding: 8px; border: 1px solid #dddddd; width: 46.948528px;\">27<\/td>\n<td style=\"padding: 8px; border: 1px solid #dddddd; width: 51.378674px;\">27,5<\/td>\n<td style=\"padding: 8px; border: 1px solid #dddddd; width: 48.198528px;\">28<\/td>\n<td style=\"padding: 8px; border: 1px solid #dddddd; width: 46.948528px;\">28,5<\/td>\n<td style=\"padding: 8px; border: 1px solid #dddddd; width: 51.948528px;\">29<\/td>\n<td style=\"padding: 8px; border: 1px solid #dddddd; width: 47.518379px;\">29,5<\/td>\n<\/tr>\n<\/tbody>\n<\/table>\n<\/div>\n<p><strong>Kalosze marki Lemigo to\u00a0wysokiej jako\u015bci Polski Produkt.<\/strong><\/p>\n<\/div>\n<\/div>\n<\/div>\n<\/div>\n<div class=\"innerbox\">\n<div class=\"resetcss\">\n<div class=\"innerbox\">\n<div class=\"resetcss\">\n<p><strong>Szczeg\u00f3\u0142y produktu:<\/strong><\/p>\n<div class=\"w-full text-token-text-primary\" dir=\"auto\" data-testid=\"conversation-turn-5\" data-scroll-anchor=\"false\">\n<div class=\"text-base py-[18px] px-3 md:px-4 m-auto md:px-5 lg:px-1 xl:px-5\">\n<div class=\"mx-auto flex flex-1 gap-4 text-base md:gap-5 lg:gap-6 md:max-w-3xl lg:max-w-[40rem] xl:max-w-[48rem]\">\n<div class=\"group\/conversation-turn relative flex w-full min-w-0 flex-col agent-turn\">\n<div class=\"flex-col gap-1 md:gap-3\">\n<div class=\"flex flex-grow flex-col max-w-full\">\n<div class=\"min-h-[20px] text-message flex w-full flex-col items-end gap-2 whitespace-pre-wrap break-words [.text-message+&amp;]:mt-5 overflow-x-auto\" dir=\"auto\" data-message-author-role=\"assistant\" data-message-id=\"21bae5b9-c40a-4154-9f2d-c9d97a865cc9\">\n<div class=\"flex w-full flex-col gap-1 empty:hidden first:pt-[3px]\">\n<div class=\"markdown prose w-full break-words dark:prose-invert light\">\n<ul>\n<li><strong>Materia\u0142\u00a0&#8211;\u00a0<\/strong>obuwie wykonane z lekkiego, wytrzyma\u0142ego i wysokogatunkowego tworzywa EVA, 100% wodoodporne, a przy tym \u0142atwe w utrzymaniu czysto\u015bci.<\/li>\n<li><strong>Izolacja termiczna &#8211;<\/strong> kalosze\u00a0zapewniaj\u0105 dobr\u0105 izolacj\u0119 termiczn\u0105, dzi\u0119ki czemu stopy ca\u0142y czas s\u0105 suche.<\/li>\n<li><strong>Wk\u0142adka &#8211;<\/strong> komfortowa, wymienna wk\u0142adka.<\/li>\n<li><strong>Podeszwa<\/strong> &#8211;\u00a0urze\u017abiona, elastyczna,\u00a0odporna na \u015bcieranie. Zapewnia bezpiecze\u0144stwo na mokrej nawierzchni.<\/li>\n<li><strong>Udogodnienia<\/strong> &#8211; kalosze posiadaj\u0105 wyci\u0119cia u\u0142atwiaj\u0105ce zak\u0142adanie \u00a0buta.<strong><br \/>\n<\/strong><\/li>\n<li><strong>Produkt jest bezpieczny &#8211;<\/strong>\u00a0zgodnie z wymaganiami rozporz\u0105dzenia GPSR.<\/li>\n<\/ul>\n<h4>Zastosowanie:<\/h4>\n<ul>\n<li>Rolnictwo i hodowla zwierz\u0105t, le\u015bnictwo, ogrodnictwo, rybo\u0142\u00f3wstwo, przemys\u0142 chemiczny, prace komunalne, medycyna weterynaryjna, magazyny i logistyka.<\/li>\n<li>Odpowiednie r\u00f3wnie\u017c do codziennego u\u017cytku w mokrych warunkach pogodowych.<\/li>\n<\/ul>\n<h4>Wygoda i komfort:<\/h4>\n<ul>\n<li>\u00a0Ergonomiczny kszta\u0142t kaloszy zapewnia dobre dopasowanie do stopy.<\/li>\n<li>\u00a0Wy\u015bcie\u0142ane wn\u0119trze zwi\u0119ksza komfort i pozwala na d\u0142u\u017csze noszenie bez uczucia dyskomfortu.<\/li>\n<\/ul>\n<\/div>\n<\/div>\n<\/div>\n<\/div>\n<\/div>\n<\/div>\n<\/div>\n<\/div>\n<\/div>\n<\/div>\n<\/div>\n<\/div>\n<\/div>\n<p style=\"text-align: right;\"><img decoding=\"async\" src=\"\/userdata\/public\/assets\/\/MIP.jpg\" alt=\"\" width=\"100\" height=\"51\" \/><\/p>\n","protected":false},"excerpt":{"rendered":"<p>Rozmiar 42 43 44 45 46 47 D\u0142. wk\u0142adki (cm) 27 27,5 28 28,5 29 29,5 Kalosze marki Lemigo to\u00a0wysokiej jako\u015bci Polski Produkt. Szczeg\u00f3\u0142y produktu: Materia\u0142\u00a0&#8211;\u00a0obuwie wykonane z lekkiego, wytrzyma\u0142ego i wysokogatunkowego tworzywa EVA, 100% wodoodporne, a przy tym \u0142atwe w utrzymaniu czysto\u015bci. Izolacja termiczna &#8211; kalosze\u00a0zapewniaj\u0105 dobr\u0105 izolacj\u0119 termiczn\u0105, dzi\u0119ki czemu stopy ca\u0142y czas [&hellip;]<\/p>\n","protected":false},"featured_media":3586,"comment_status":"open","ping_status":"closed","template":"","meta":[],"product_brand":[],"product_cat":[35],"product_tag":[],"class_list":{"0":"post-2996","1":"product","2":"type-product","3":"status-publish","4":"has-post-thumbnail","6":"product_cat-kalosze-meskie","8":"first","9":"instock","10":"shipping-taxable","11":"product-type-simple"},"_links":{"self":[{"href":"https:\/\/lemigo.pl\/wp\/wp-json\/wp\/v2\/product\/2996","targetHints":{"allow":["GET"]}}],"collection":[{"href":"https:\/\/lemigo.pl\/wp\/wp-json\/wp\/v2\/product"}],"about":[{"href":"https:\/\/lemigo.pl\/wp\/wp-json\/wp\/v2\/types\/product"}],"replies":[{"embeddable":true,"href":"https:\/\/lemigo.pl\/wp\/wp-json\/wp\/v2\/comments?post=2996"}],"wp:featuredmedia":[{"embeddable":true,"href":"https:\/\/lemigo.pl\/wp\/wp-json\/wp\/v2\/media\/3586"}],"wp:attachment":[{"href":"https:\/\/lemigo.pl\/wp\/wp-json\/wp\/v2\/media?parent=2996"}],"wp:term":[{"taxonomy":"product_brand","embeddable":true,"href":"https:\/\/lemigo.pl\/wp\/wp-json\/wp\/v2\/product_brand?post=2996"},{"taxonomy":"product_cat","embeddable":true,"href":"https:\/\/lemigo.pl\/wp\/wp-json\/wp\/v2\/product_cat?post=2996"},{"taxonomy":"product_tag","embeddable":true,"href":"https:\/\/lemigo.pl\/wp\/wp-json\/wp\/v2\/product_tag?post=2996"}],"curies":[{"name":"wp","href":"https:\/\/api.w.org\/{rel}","templated":true}]}}